{"id":3702,"date":"2020-09-01T11:10:25","date_gmt":"2020-09-01T11:10:25","guid":{"rendered":"http:\/\/blifase.it\/?page_id=3702"},"modified":"2020-09-01T11:38:58","modified_gmt":"2020-09-01T11:38:58","slug":"cookie-policy","status":"publish","type":"page","link":"https:\/\/blifase.it\/en\/cookie-policy\/","title":{"rendered":"Cookie Policy"},"content":{"rendered":"\t\t<div data-elementor-type=\"wp-page\" data-elementor-id=\"3702\" class=\"elementor elementor-3702\" data-elementor-post-type=\"page\">\n\t\t\t\t\t\t<section class=\"elementor-section elementor-top-section elementor-element elementor-element-f7057a5 elementor-section-boxed elementor-section-height-default elementor-section-height-default\" data-id=\"f7057a5\" data-element_type=\"section\" data-e-type=\"section\" data-settings=\"{&quot;jet_parallax_layout_list&quot;:[{&quot;jet_parallax_layout_image&quot;:{&quot;url&quot;:&quot;&quot;,&quot;id&quot;:&quot;&quot;,&quot;size&quot;:&quot;&quot;},&quot;_id&quot;:&quot;cad95fe&quot;,&quot;jet_parallax_layout_image_tablet&quot;:{&quot;url&quot;:&quot;&quot;,&quot;id&quot;:&quot;&quot;,&quot;size&quot;:&quot;&quot;},&quot;jet_parallax_layout_image_mobile&quot;:{&quot;url&quot;:&quot;&quot;,&quot;id&quot;:&quot;&quot;,&quot;size&quot;:&quot;&quot;},&quot;jet_parallax_layout_speed&quot;:{&quot;unit&quot;:&quot;%&quot;,&quot;size&quot;:50,&quot;sizes&quot;:[]},&quot;jet_parallax_layout_type&quot;:&quot;scroll&quot;,&quot;jet_parallax_layout_direction&quot;:&quot;1&quot;,&quot;jet_parallax_layout_fx_direction&quot;:null,&quot;jet_parallax_layout_z_index&quot;:&quot;&quot;,&quot;jet_parallax_layout_bg_x&quot;:50,&quot;jet_parallax_layout_bg_y&quot;:50,&quot;jet_parallax_layout_bg_size&quot;:&quot;auto&quot;,&quot;jet_parallax_layout_animation_prop&quot;:&quot;transform&quot;,&quot;jet_parallax_layout_on&quot;:[&quot;desktop&quot;,&quot;tablet&quot;],&quot;jet_parallax_layout_bg_x_tablet&quot;:&quot;&quot;,&quot;jet_parallax_layout_bg_x_mobile&quot;:&quot;&quot;,&quot;jet_parallax_layout_bg_y_tablet&quot;:&quot;&quot;,&quot;jet_parallax_layout_bg_y_mobile&quot;:&quot;&quot;,&quot;jet_parallax_layout_bg_size_tablet&quot;:&quot;&quot;,&quot;jet_parallax_layout_bg_size_mobile&quot;:&quot;&quot;}]}\">\n\t\t\t\t\t\t<div class=\"elementor-container elementor-column-gap-default\">\n\t\t\t\t\t<div class=\"elementor-column elementor-col-100 elementor-top-column elementor-element elementor-element-911a592\" data-id=\"911a592\" data-element_type=\"column\" data-e-type=\"column\">\n\t\t\t<div class=\"elementor-widget-wrap elementor-element-populated\">\n\t\t\t\t\t\t<div class=\"elementor-element elementor-element-b2aa47d elementor-widget elementor-widget-text-editor\" data-id=\"b2aa47d\" data-element_type=\"widget\" data-e-type=\"widget\" data-widget_type=\"text-editor.default\">\n\t\t\t\t<div class=\"elementor-widget-container\">\n\t\t\t\t\t\t\t\t\t<p>Gentile Utente,<\/p><p>questo sito Internet \u00e8 di propriet\u00e0 di <strong>BLIFASE S.R.L.<\/strong><\/p><p>Poich\u00e9 sul nostro Sito sono utilizzati dei c.d. cookie per diverse finalit\u00e0, con questa informativa vogliamo spiegarti cosa sono i cookie e come vengono utilizzati sul Sito.<\/p><h3>COSA SONO I COOKIES?<\/h3><p>Un cookie \u00e8 un piccolo file di testo che i siti salvano sul computer o dispositivo mobile mentre l\u2019utente li visita. I cookies permettono un funzionamento efficiente del sito e ne migliorano le prestazioni. Grazie ai cookies il sito ricorda le azioni e preferenze dell\u2019utente (per es. login, lingua, dimensioni dei caratteri e altre impostazioni di visualizzazione) in modo che non debbano essere reinserite quando l\u2019utente torna sul sito o naviga da una pagina all\u2019altra. I cookies non registrano alcuna informazione personale su un utente e gli eventuali dati identificabili non verranno memorizzati.<br \/>Alcuni cookie (c.d. cookie propri o di prima parte) sono veicolati e controllati direttamente da noi. Attraverso questi cookie, la Societ\u00e0 raccoglie e tratta alcuni dati personali che ti riguardano. In questa informativa, anche ai sensi del D.Lgs. 196 del 30 giugno 2003 (il \u201cCodice Privacy\u201d), nonch\u00e9 degli artt.13\/14 del Regolamento 679\/2016 UE, ti spieghiamo come raccogliamo questi dati, per quali finalit\u00e0 e quali sono i tuoi diritti.<\/p><p>Nel corso della navigazione su un sito, l\u2019utente pu\u00f2 ricevere sul suo terminale anche cookie di siti o di web server diversi (c.d. cookie di terze parti); ci\u00f2 accade perch\u00e9 sul sito web visitato possono essere presenti elementi come immagini, mappe, suoni, specifici link a pagine web di altri domini che risiedono su server diversi da quello sul quale si trova la pagina richiesta. In altre parole, essi sono quei cookie che vengono impostati da un sito web diverso da quello che si sta attualmente visitando.<\/p><p>I cookie possono avere una durata limitata ad una singola sessione di navigazione sul browser (c.d. cookie di sessione), ed in tal caso si disattivano automaticamente al momento della chiusura del browser da parte dell\u2019utente; oppure possono avere una scadenza predeterminata ed, in tal caso, rimarranno memorizzati ed attivi nel tuo hard disk fino a tale data di scadenza, continuando a raccogliere informazioni nel corso di differenti sessioni di navigazione sul browser (c.d. cookie permanenti).<\/p><p>I cookie sono utilizzati per diverse funzioni. Alcuni sono necessari per consentirti di navigare sul Sito e usufruire delle sue funzionalit\u00e0 (c.d. cookie tecnici). Altri sono utilizzati per ottenere informazioni statistiche, in forma aggregata o non, sul numero degli utenti che accedono al Sito e su come il Sito viene utilizzato (c.d. cookie di analytics). Altri, infine, sono utilizzati per tracciare un tuo profilo di consumatore e farti visualizzare annunci pubblicitari sul Sito che possano essere per te interessanti, in quanto coerenti con i tuoi gusti e le tue abitudini di consumo (c.d. cookie di profilazione).<\/p><h3>I COOKIE TECNICI<\/h3><p>I cookie tecnici sono utilizzati sul Sito al solo fine di rendere possibile la tua navigazione sul Sito e consentirti di utilizzarne le funzionalit\u00e0. Si tratta sempre di cookie di prima parte, in quanto sono veicolati direttamente da noi sul Sito. Alcuni cookie tecnici sono indispensabili per offrirti un\u2019ottimale esperienza di navigazione.<br \/>I cookie di navigazione sono normalmente cookie di sessione e, pertanto, una volta chiuso il browser di navigazione, vengono disattivati automaticamente.<br \/>Come previsto dalla normativa vigente in materia di privacy, per l\u2019installazione di tali cookie non \u00e8 richiesto il tuo preventivo consenso.<\/p><h3>I COOKIE ANALYTICS<\/h3><p>I cookie analytics sono utilizzati sul Sito per raccogliere informazioni statistiche, in forma aggregata, sul numero degli utenti che accedono al Sito e su come questi visitano il Sito stesso. Su questo Sito sono presenti i cookie analytics veicolati direttamente da noi e pertanto sono installati sul Sito senza il tuo consenso preventivo.<br \/>Naturalmente sei libero di bloccare l\u2019installazione dei cookie analytics in qualsiasi momento, senza che la possibilit\u00e0 di visitare il Sito e fruire dei suoi contenuti sia in qualsiasi modo compromessa.<\/p><h3>COME DISABILITARE\/ABILITARE I COOKIES?<\/h3><p>I browser sono configurati per accettare, controllare o eventualmente disabilitare i cookie attraverso le impostazioni. Ricordiamo tuttavia che disabilitare i cookies di navigazione o quelli funzionali pu\u00f2 compromettere il corretto funzionamento del sito e\/o limitare il servizio.<\/p><p>Se si desidera disabilitare l\u2019uso dei cookie \u00e8 necessario personalizzare le impostazioni del proprio computer impostando la cancellazione di tutti i cookies o attivando un messaggio di avviso quando i cookies vengono memorizzati.<\/p><p>Utilizzando pi\u00f9 computer o browser diversi sullo stesso computer, l\u2019utente dovr\u00e0 assicurarsi che ciascuno sia regolato per riflettere le proprie preferenze relative ai cookies.<\/p><p>L\u2019utente pu\u00f2 controllare quali cookies sono istallati, qual \u00e8 la loro durata ed eventualmente eliminarli. I passaggi per eseguire queste operazioni differiscono da browser a browser.<br \/>Qui di seguito i link alle istruzioni per i browser pi\u00f9 diffusi:<\/p><ul><li><strong><span style=\"color: #333333;\"><a style=\"color: #333333;\" href=\"https:\/\/support.google.com\/chrome\/bin\/answer.py?hl=it&amp;answer=95647&amp;p=cpn_cookies\" target=\"_blank\" rel=\"noopener\">Google Chrome <\/a><\/span><\/strong><\/li><li><strong><span style=\"color: #333333;\"><a style=\"color: #333333;\" href=\"http:\/\/support.mozilla.org\/it-IT\/kb\/Enabling%20and%20disabling%20cookies\" target=\"_blank\" rel=\"noopener\">Mozilla Firefox<\/a><\/span><\/strong><\/li><li><strong><span style=\"color: #333333;\"><a style=\"color: #333333;\" href=\"http:\/\/help.opera.com\/Windows\/10.00\/it\/cookies.html\" target=\"_blank\" rel=\"noopener\">Opera<\/a><\/span><\/strong><\/li><li><strong><span style=\"color: #333333;\"><a style=\"color: #333333;\" href=\"http:\/\/support.apple.com\/kb\/PH17191?viewlocale=it_IT&amp;locale=it_IT\" target=\"_blank\" rel=\"noopener\">Apple Safari<\/a><\/span><\/strong><\/li><li><strong><span style=\"color: #333333;\"><a style=\"color: #333333;\" href=\"http:\/\/windows.microsoft.com\/it-it\/windows7\/block-enable-or-allow-cookies\" target=\"_blank\" rel=\"noopener\">Microsoft Windows Explorer<\/a><\/span><\/strong><\/li><\/ul><p>Per modificare invece le impostazioni relative ai cookie Flash:<\/p><ul><li><strong><span style=\"color: #333333;\"><a style=\"color: #333333;\" href=\"http:\/\/www.macromedia.com\/support\/documentation\/it\/flashplayer\/help\/settings_manager02.html#118539\" target=\"_blank\" rel=\"nofollow noopener\">Disabilitazione dei cookie Flash<\/a><\/span><\/strong><\/li><\/ul><h3>ALTRE INFORMAZIONI<\/h3><p>Come evidenziato nella premessa di questa informativa, la Societ\u00e0 raccoglie e tratta alcuni tuoi dati personali attraverso i cookie che essa veicola direttamente sul Sito (cookie di prima parte). La Societ\u00e0 agisce in qualit\u00e0 di titolare del trattamento di questi dati, in conformit\u00e0 alle previsioni del Codice Privacy. Tratteremo i tuoi dati solo con strumenti elettronici, in maniera totalmente automatizzata e senza intermediazione umana. Pertanto, i nostri dipendenti e collaboratori non accederanno mai al contenuto dei tuoi dati personali ottenuti attraverso i cookie, fatto salvo il caso in cui si rendano necessari interventi di manutenzione ordinaria o straordinaria e, comunque, anche in quei casi, sar\u00e0 solo ed esclusivamente per il tempo strettamente necessario all\u2019espletamento del servizio. Alcuni dei nostri dipendenti e collaboratori, da noi nominati quali incaricati del trattamento, potrebbero effettuare degli interventi di manutenzione sui sistemi informatici che ospitano i tuoi dati, senza poter mai accedere al loro effettivo contenuto. I dati personali potrebbero essere memorizzati nei server gestiti da soggetti terzi (es. fornitori di sistemi informatici) o potrebbero essere gestiti da soggetti specializzati nella pubblicit\u00e0 online, che agiscono in qualit\u00e0 di responsabili esterni del trattamento sulla base di un\u2019apposita nomina per iscritto da parte della Societ\u00e0. Ti informiamo che, nel rispetto dei presupposti e delle garanzie stabilite dalla legge, i tuoi dati potrebbero essere trasferiti in Paesi non appartenenti all\u2019Area Economica Europea, che potrebbero non offrire un livello di tutela della privacy e della protezione dei dati personali paragonabile a quello garantito dalle leggi italiane ed europee sulla privacy. I tuoi dati personali non saranno comunicati a terzi titolari del trattamento n\u00e9 saranno diffusi.<br \/>La Societ\u00e0 pu\u00f2 modificare la presenta informativa privacy in base alle esigenze legislative, regolamentarie, o con la finalit\u00e0 di adattare detta informativa alle istruzioni impartite dalle Autorit\u00e0 competenti in materia. Per tal motivo, si consiglia di controllarla periodicamente.<\/p><h3>I TUOI DIRITTI<\/h3><p>Ai sensi del D.lgs. 30 giugno 2003, n. 196, nonch\u00e9 del Regolamento 679\/2016 UE hai il diritto di ottenere in qualsiasi momento la conferma dell\u2019esistenza o meno di dati personali che ti riguardano e di conoscerne il contenuto e l\u2019origine, verificarne l\u2019esattezza o chiederne l\u2019integrazione o l\u2019aggiornamento, oppure la rettificazione. Hai, inoltre, il diritto di chiedere la cancellazione, la trasformazione in forma anonima o il blocco dei dati trattati in violazione di legge, nonch\u00e9 di opporti in ogni caso, per motivi legittimi, al loro trattamento. Per esercitare i tuoi diritti, o per avere ogni altra informazione o chiarimento in merito a questa informativa, contatta la Societ\u00e0 via raccomanda email: blifase@blifase.it<\/p><h3>APPROFONDIMENTI<\/h3><p>Per approfondire la normativa: <strong><span style=\"color: #333333;\"><a style=\"color: #333333;\" title=\"cookie garante privacy\" href=\"http:\/\/www.garanteprivacy.it\/\" target=\"_blanck\">www.garanteprivacy.it<\/a>.<\/span><\/strong><\/p>\t\t\t\t\t\t\t\t<\/div>\n\t\t\t\t<\/div>\n\t\t\t\t\t<\/div>\n\t\t<\/div>\n\t\t\t\t\t<\/div>\n\t\t<\/section>\n\t\t\t\t<\/div>\n\t\t","protected":false},"excerpt":{"rendered":"<p>Gentile Utente, questo sito Internet \u00e8 di propriet\u00e0 di BLIFASE S.R.L. Poich\u00e9 sul nostro Sito sono utilizzati dei c.d. cookie per diverse finalit\u00e0, con questa informativa vogliamo spiegarti cosa sono i cookie e come vengono utilizzati sul Sito. COSA SONO I COOKIES? Un cookie \u00e8 un piccolo file di testo che i siti salvano sul [&hellip;]<\/p>\n","protected":false},"author":1,"featured_media":0,"parent":0,"menu_order":0,"comment_status":"closed","ping_status":"closed","template":"elementor_header_footer","meta":{"footnotes":""},"class_list":["post-3702","page","type-page","status-publish","hentry"],"yoast_head":"<!-- This site is optimized with the Yoast SEO plugin v27.2 - https:\/\/yoast.com\/product\/yoast-seo-wordpress\/ -->\n<title>Cookie Policy | Blifase<\/title>\n<meta name=\"robots\" content=\"index, follow, max-snippet:-1, max-image-preview:large, max-video-preview:-1\" \/>\n<link rel=\"canonical\" href=\"https:\/\/blifase.it\/en\/cookie-policy\/\" \/>\n<meta property=\"og:locale\" content=\"en_GB\" \/>\n<meta property=\"og:type\" content=\"article\" \/>\n<meta property=\"og:title\" content=\"Cookie Policy | Blifase\" \/>\n<meta property=\"og:description\" content=\"Gentile Utente, questo sito Internet \u00e8 di propriet\u00e0 di BLIFASE S.R.L. Poich\u00e9 sul nostro Sito sono utilizzati dei c.d. cookie per diverse finalit\u00e0, con questa informativa vogliamo spiegarti cosa sono i cookie e come vengono utilizzati sul Sito. COSA SONO I COOKIES? Un cookie \u00e8 un piccolo file di testo che i siti salvano sul [&hellip;]\" \/>\n<meta property=\"og:url\" content=\"https:\/\/blifase.it\/en\/cookie-policy\/\" \/>\n<meta property=\"og:site_name\" content=\"Blifase\" \/>\n<meta property=\"article:publisher\" content=\"https:\/\/www.facebook.com\/Blifase\" \/>\n<meta property=\"article:modified_time\" content=\"2020-09-01T11:38:58+00:00\" \/>\n<meta name=\"twitter:card\" content=\"summary_large_image\" \/>\n<meta name=\"twitter:site\" content=\"@blifase_srl\" \/>\n<meta name=\"twitter:label1\" content=\"Estimated reading time\" \/>\n\t<meta name=\"twitter:data1\" content=\"6 minutes\" \/>\n<script type=\"application\/ld+json\" class=\"yoast-schema-graph\">{\"@context\":\"https:\/\/schema.org\",\"@graph\":[{\"@type\":\"WebPage\",\"@id\":\"https:\/\/blifase.it\/cookie-policy\/\",\"url\":\"https:\/\/blifase.it\/cookie-policy\/\",\"name\":\"Cookie Policy | Blifase\",\"isPartOf\":{\"@id\":\"https:\/\/blifase.it\/#website\"},\"datePublished\":\"2020-09-01T11:10:25+00:00\",\"dateModified\":\"2020-09-01T11:38:58+00:00\",\"breadcrumb\":{\"@id\":\"https:\/\/blifase.it\/cookie-policy\/#breadcrumb\"},\"inLanguage\":\"en-GB\",\"potentialAction\":[{\"@type\":\"ReadAction\",\"target\":[\"https:\/\/blifase.it\/cookie-policy\/\"]}]},{\"@type\":\"BreadcrumbList\",\"@id\":\"https:\/\/blifase.it\/cookie-policy\/#breadcrumb\",\"itemListElement\":[{\"@type\":\"ListItem\",\"position\":1,\"name\":\"Home\",\"item\":\"https:\/\/blifase.it\/\"},{\"@type\":\"ListItem\",\"position\":2,\"name\":\"Cookie Policy\"}]},{\"@type\":\"WebSite\",\"@id\":\"https:\/\/blifase.it\/#website\",\"url\":\"https:\/\/blifase.it\/\",\"name\":\"Blifase\",\"description\":\"Blifase, our passion for wood since 1963.\",\"publisher\":{\"@id\":\"https:\/\/blifase.it\/#organization\"},\"potentialAction\":[{\"@type\":\"SearchAction\",\"target\":{\"@type\":\"EntryPoint\",\"urlTemplate\":\"https:\/\/blifase.it\/?s={search_term_string}\"},\"query-input\":{\"@type\":\"PropertyValueSpecification\",\"valueRequired\":true,\"valueName\":\"search_term_string\"}}],\"inLanguage\":\"en-GB\"},{\"@type\":\"Organization\",\"@id\":\"https:\/\/blifase.it\/#organization\",\"name\":\"Blifase\",\"url\":\"https:\/\/blifase.it\/\",\"logo\":{\"@type\":\"ImageObject\",\"inLanguage\":\"en-GB\",\"@id\":\"https:\/\/blifase.it\/#\/schema\/logo\/image\/\",\"url\":\"https:\/\/blifase.it\/wp-content\/uploads\/2020\/09\/logo_favicon_512x512.png\",\"contentUrl\":\"https:\/\/blifase.it\/wp-content\/uploads\/2020\/09\/logo_favicon_512x512.png\",\"width\":512,\"height\":512,\"caption\":\"Blifase\"},\"image\":{\"@id\":\"https:\/\/blifase.it\/#\/schema\/logo\/image\/\"},\"sameAs\":[\"https:\/\/www.facebook.com\/Blifase\",\"https:\/\/x.com\/blifase_srl\",\"https:\/\/www.instagram.com\/blifase\/\",\"https:\/\/www.linkedin.com\/company\/blifase-srl\/\",\"https:\/\/www.pinterest.it\/blifasesrl\/_created\/\"]}]}<\/script>\n<!-- \/ Yoast SEO plugin. -->","yoast_head_json":{"title":"Cookie Policy | Blifase","robots":{"index":"index","follow":"follow","max-snippet":"max-snippet:-1","max-image-preview":"max-image-preview:large","max-video-preview":"max-video-preview:-1"},"canonical":"https:\/\/blifase.it\/en\/cookie-policy\/","og_locale":"en_GB","og_type":"article","og_title":"Cookie Policy | Blifase","og_description":"Gentile Utente, questo sito Internet \u00e8 di propriet\u00e0 di BLIFASE S.R.L. Poich\u00e9 sul nostro Sito sono utilizzati dei c.d. cookie per diverse finalit\u00e0, con questa informativa vogliamo spiegarti cosa sono i cookie e come vengono utilizzati sul Sito. COSA SONO I COOKIES? Un cookie \u00e8 un piccolo file di testo che i siti salvano sul [&hellip;]","og_url":"https:\/\/blifase.it\/en\/cookie-policy\/","og_site_name":"Blifase","article_publisher":"https:\/\/www.facebook.com\/Blifase","article_modified_time":"2020-09-01T11:38:58+00:00","twitter_card":"summary_large_image","twitter_site":"@blifase_srl","twitter_misc":{"Estimated reading time":"6 minutes"},"schema":{"@context":"https:\/\/schema.org","@graph":[{"@type":"WebPage","@id":"https:\/\/blifase.it\/cookie-policy\/","url":"https:\/\/blifase.it\/cookie-policy\/","name":"Cookie Policy | Blifase","isPartOf":{"@id":"https:\/\/blifase.it\/#website"},"datePublished":"2020-09-01T11:10:25+00:00","dateModified":"2020-09-01T11:38:58+00:00","breadcrumb":{"@id":"https:\/\/blifase.it\/cookie-policy\/#breadcrumb"},"inLanguage":"en-GB","potentialAction":[{"@type":"ReadAction","target":["https:\/\/blifase.it\/cookie-policy\/"]}]},{"@type":"BreadcrumbList","@id":"https:\/\/blifase.it\/cookie-policy\/#breadcrumb","itemListElement":[{"@type":"ListItem","position":1,"name":"Home","item":"https:\/\/blifase.it\/"},{"@type":"ListItem","position":2,"name":"Cookie Policy"}]},{"@type":"WebSite","@id":"https:\/\/blifase.it\/#website","url":"https:\/\/blifase.it\/","name":"Blifase","description":"Blifase, our passion for wood since 1963.","publisher":{"@id":"https:\/\/blifase.it\/#organization"},"potentialAction":[{"@type":"SearchAction","target":{"@type":"EntryPoint","urlTemplate":"https:\/\/blifase.it\/?s={search_term_string}"},"query-input":{"@type":"PropertyValueSpecification","valueRequired":true,"valueName":"search_term_string"}}],"inLanguage":"en-GB"},{"@type":"Organization","@id":"https:\/\/blifase.it\/#organization","name":"Blifase","url":"https:\/\/blifase.it\/","logo":{"@type":"ImageObject","inLanguage":"en-GB","@id":"https:\/\/blifase.it\/#\/schema\/logo\/image\/","url":"https:\/\/blifase.it\/wp-content\/uploads\/2020\/09\/logo_favicon_512x512.png","contentUrl":"https:\/\/blifase.it\/wp-content\/uploads\/2020\/09\/logo_favicon_512x512.png","width":512,"height":512,"caption":"Blifase"},"image":{"@id":"https:\/\/blifase.it\/#\/schema\/logo\/image\/"},"sameAs":["https:\/\/www.facebook.com\/Blifase","https:\/\/x.com\/blifase_srl","https:\/\/www.instagram.com\/blifase\/","https:\/\/www.linkedin.com\/company\/blifase-srl\/","https:\/\/www.pinterest.it\/blifasesrl\/_created\/"]}]}},"_links":{"self":[{"href":"https:\/\/blifase.it\/en\/wp-json\/wp\/v2\/pages\/3702","targetHints":{"allow":["GET"]}}],"collection":[{"href":"https:\/\/blifase.it\/en\/wp-json\/wp\/v2\/pages"}],"about":[{"href":"https:\/\/blifase.it\/en\/wp-json\/wp\/v2\/types\/page"}],"author":[{"embeddable":true,"href":"https:\/\/blifase.it\/en\/wp-json\/wp\/v2\/users\/1"}],"replies":[{"embeddable":true,"href":"https:\/\/blifase.it\/en\/wp-json\/wp\/v2\/comments?post=3702"}],"version-history":[{"count":0,"href":"https:\/\/blifase.it\/en\/wp-json\/wp\/v2\/pages\/3702\/revisions"}],"wp:attachment":[{"href":"https:\/\/blifase.it\/en\/wp-json\/wp\/v2\/media?parent=3702"}],"curies":[{"name":"wp","href":"https:\/\/api.w.org\/{rel}","templated":true}]}}